{"id":39,"date":"2026-01-16T21:00:14","date_gmt":"2026-01-16T21:00:14","guid":{"rendered":"https:\/\/sandrapedro.pt\/?page_id=39"},"modified":"2026-01-16T21:14:39","modified_gmt":"2026-01-16T21:14:39","slug":"quem-sou-eu","status":"publish","type":"page","link":"https:\/\/sandrapedro.pt\/?page_id=39","title":{"rendered":"Quem sou eu"},"content":{"rendered":"\t\t<div data-elementor-type=\"wp-page\" data-elementor-id=\"39\" class=\"elementor elementor-39\" data-elementor-post-type=\"page\">\n\t\t\t\t<div class=\"elementor-element elementor-element-784dd08f e-flex e-con-boxed e-con e-parent\" data-id=\"784dd08f\" data-element_type=\"container\" data-settings=\"{&quot;background_background&quot;:&quot;classic&quot;}\">\n\t\t\t\t\t<div class=\"e-con-inner\">\n\t\t<div class=\"elementor-element elementor-element-67b84039 e-con-full e-flex e-con e-child\" data-id=\"67b84039\" data-element_type=\"container\">\n\t\t\t\t<div class=\"elementor-element elementor-element-12beed8e elementor-invisible elementor-widget elementor-widget-heading\" data-id=\"12beed8e\" data-element_type=\"widget\" data-settings=\"{&quot;_animation&quot;:&quot;fadeInUp&quot;,&quot;_animation_delay&quot;:300}\" data-widget_type=\"heading.default\">\n\t\t\t\t\t<h1 class=\"elementor-heading-title elementor-size-default\">Comunicar \u00e9 criar presen\u00e7a<\/h1>\t\t\t\t<\/div>\n\t\t\t\t<div class=\"elementor-element elementor-element-18eb5fae elementor-widget elementor-widget-heading\" data-id=\"18eb5fae\" data-element_type=\"widget\" data-widget_type=\"heading.default\">\n\t\t\t\t\t<div class=\"elementor-heading-title elementor-size-default\">Cada conversa \u00e9 um ponto de encontro entre consci\u00eancia e palavra.\nA minha miss\u00e3o \u00e9 cultivar uma comunica\u00e7\u00e3o humana, \u00e9tica e verdadeira, onde cada voz encontra espa\u00e7o para existir.\n<\/div>\t\t\t\t<\/div>\n\t\t\t\t<\/div>\n\t\t\t\t\t<\/div>\n\t\t\t\t<\/div>\n\t\t<div class=\"elementor-element elementor-element-5fd6dfaa e-flex e-con-boxed e-con e-parent\" data-id=\"5fd6dfaa\" data-element_type=\"container\" data-settings=\"{&quot;background_background&quot;:&quot;classic&quot;}\">\n\t\t\t\t\t<div class=\"e-con-inner\">\n\t\t<div class=\"elementor-element elementor-element-1ee91db3 e-con-full e-flex e-con e-child\" data-id=\"1ee91db3\" data-element_type=\"container\">\n\t\t\t\t<div class=\"elementor-element elementor-element-45bb6607 elementor-invisible elementor-widget elementor-widget-image\" data-id=\"45bb6607\" data-element_type=\"widget\" data-settings=\"{&quot;_animation&quot;:&quot;fadeInLeft&quot;,&quot;_animation_delay&quot;:200}\" data-widget_type=\"image.default\">\n\t\t\t\t\t\t\t\t\t\t\t\t\t\t\t<img fetchpriority=\"high\" decoding=\"async\" width=\"1707\" height=\"2560\" src=\"https:\/\/sandrapedro.pt\/wp-content\/uploads\/2026\/01\/VPR_9982-scaled-1.jpg\" class=\"attachment-full size-full wp-image-22\" alt=\"\" srcset=\"https:\/\/sandrapedro.pt\/wp-content\/uploads\/2026\/01\/VPR_9982-scaled-1.jpg 1707w, https:\/\/sandrapedro.pt\/wp-content\/uploads\/2026\/01\/VPR_9982-scaled-1-200x300.jpg 200w, https:\/\/sandrapedro.pt\/wp-content\/uploads\/2026\/01\/VPR_9982-scaled-1-683x1024.jpg 683w, https:\/\/sandrapedro.pt\/wp-content\/uploads\/2026\/01\/VPR_9982-scaled-1-768x1152.jpg 768w, https:\/\/sandrapedro.pt\/wp-content\/uploads\/2026\/01\/VPR_9982-scaled-1-1024x1536.jpg 1024w, https:\/\/sandrapedro.pt\/wp-content\/uploads\/2026\/01\/VPR_9982-scaled-1-1366x2048.jpg 1366w\" sizes=\"(max-width: 1707px) 100vw, 1707px\" \/>\t\t\t\t\t\t\t\t\t\t\t\t\t\t\t<\/div>\n\t\t\t\t<\/div>\n\t\t<div class=\"elementor-element elementor-element-42bedcd4 e-con-full e-flex elementor-invisible e-con e-child\" data-id=\"42bedcd4\" data-element_type=\"container\" data-settings=\"{&quot;animation&quot;:&quot;fadeInRight&quot;,&quot;animation_delay&quot;:200}\">\n\t\t\t\t<div class=\"elementor-element elementor-element-496fda39 elementor-widget elementor-widget-heading\" data-id=\"496fda39\" data-element_type=\"widget\" data-widget_type=\"heading.default\">\n\t\t\t\t\t<h6 class=\"elementor-heading-title elementor-size-default\">A JORNADA  \u2014 O Caminho at\u00e9 aqui\n<\/h6>\t\t\t\t<\/div>\n\t\t\t\t<div class=\"elementor-element elementor-element-446ab906 elementor-widget elementor-widget-heading\" data-id=\"446ab906\" data-element_type=\"widget\" data-widget_type=\"heading.default\">\n\t\t\t\t\t<h2 class=\"elementor-heading-title elementor-size-default\">O meu percurso nasceu da curiosidade: <\/h2>\t\t\t\t<\/div>\n\t\t\t\t<div class=\"elementor-element elementor-element-338df509 elementor-widget__width-initial elementor-widget elementor-widget-heading\" data-id=\"338df509\" data-element_type=\"widget\" data-widget_type=\"heading.default\">\n\t\t\t\t\t<div class=\"elementor-heading-title elementor-size-default\">Compreender o poder da comunica\u00e7\u00e3o.\nDa academia \u00e0 pr\u00e1tica, da teoria \u00e0 presen\u00e7a humana.<br><br>\nAprendi que cada rela\u00e7\u00e3o \u00e9 um laborat\u00f3rio vivo da comunica\u00e7\u00e3o.<br><br>\nToda a mudan\u00e7a come\u00e7a na forma como comunicamos:<br><br>\ncom o outro, com o mundo e connosco.\n<\/div>\t\t\t\t<\/div>\n\t\t\t\t<\/div>\n\t\t\t\t\t<\/div>\n\t\t\t\t<\/div>\n\t\t<div class=\"elementor-element elementor-element-3c2e7ce e-flex e-con-boxed e-con e-parent\" data-id=\"3c2e7ce\" data-element_type=\"container\" data-settings=\"{&quot;background_background&quot;:&quot;classic&quot;}\">\n\t\t\t\t\t<div class=\"e-con-inner\">\n\t\t\t\t<div class=\"elementor-element elementor-element-2baff0f7 elementor-invisible elementor-widget elementor-widget-heading\" data-id=\"2baff0f7\" data-element_type=\"widget\" data-settings=\"{&quot;_animation&quot;:&quot;fadeInUp&quot;,&quot;_animation_delay&quot;:200}\" data-widget_type=\"heading.default\">\n\t\t\t\t\t<h6 class=\"elementor-heading-title elementor-size-default\">percurso<\/h6>\t\t\t\t<\/div>\n\t\t\t\t<div class=\"elementor-element elementor-element-492cde6 elementor-widget__width-initial elementor-widget-mobile__width-inherit elementor-invisible elementor-widget elementor-widget-heading\" data-id=\"492cde6\" data-element_type=\"widget\" data-settings=\"{&quot;_animation&quot;:&quot;fadeInUp&quot;,&quot;_animation_delay&quot;:200}\" data-widget_type=\"heading.default\">\n\t\t\t\t\t<h2 class=\"elementor-heading-title elementor-size-default\">O que me guia\n<\/h2>\t\t\t\t<\/div>\n\t\t<div class=\"elementor-element elementor-element-557da665 e-con-full e-flex e-con e-child\" data-id=\"557da665\" data-element_type=\"container\">\n\t\t\t\t<div class=\"elementor-element elementor-element-70c5a720 elementor-widget__width-initial elementor-widget-mobile__width-inherit elementor-position-top elementor-widget elementor-widget-image-box\" data-id=\"70c5a720\" data-element_type=\"widget\" data-widget_type=\"image-box.default\">\n\t\t\t\t\t<div class=\"elementor-image-box-wrapper\"><figure class=\"elementor-image-box-img\"><img decoding=\"async\" width=\"128\" height=\"128\" src=\"https:\/\/sandrapedro.pt\/wp-content\/uploads\/2026\/01\/FAMILY-LAW-1.png\" class=\"attachment-full size-full wp-image-47\" alt=\"\" \/><\/figure><div class=\"elementor-image-box-content\"><h3 class=\"elementor-image-box-title\">Clareza<\/h3><p class=\"elementor-image-box-description\">dizer com verdade, sem ru\u00eddo.\n<\/p><\/div><\/div>\t\t\t\t<\/div>\n\t\t\t\t<div class=\"elementor-element elementor-element-31a9882c elementor-widget__width-initial elementor-widget-mobile__width-inherit elementor-position-top elementor-widget elementor-widget-image-box\" data-id=\"31a9882c\" data-element_type=\"widget\" data-widget_type=\"image-box.default\">\n\t\t\t\t\t<div class=\"elementor-image-box-wrapper\"><figure class=\"elementor-image-box-img\"><img decoding=\"async\" width=\"128\" height=\"128\" src=\"https:\/\/sandrapedro.pt\/wp-content\/uploads\/2026\/01\/COURTHOUSE-1.png\" class=\"attachment-full size-full wp-image-48\" alt=\"\" \/><\/figure><div class=\"elementor-image-box-content\"><h3 class=\"elementor-image-box-title\">Confian\u00e7a<\/h3><p class=\"elementor-image-box-description\">criar o espa\u00e7o onde o di\u00e1logo floresce.\n<\/p><\/div><\/div>\t\t\t\t<\/div>\n\t\t\t\t<div class=\"elementor-element elementor-element-5ba8f84b elementor-widget__width-initial elementor-widget-mobile__width-inherit elementor-position-top elementor-widget elementor-widget-image-box\" data-id=\"5ba8f84b\" data-element_type=\"widget\" data-widget_type=\"image-box.default\">\n\t\t\t\t\t<div class=\"elementor-image-box-wrapper\"><figure class=\"elementor-image-box-img\"><img loading=\"lazy\" decoding=\"async\" width=\"128\" height=\"128\" src=\"https:\/\/sandrapedro.pt\/wp-content\/uploads\/2026\/01\/BEQUEST-1.png\" class=\"attachment-full size-full wp-image-49\" alt=\"\" \/><\/figure><div class=\"elementor-image-box-content\"><h3 class=\"elementor-image-box-title\">Curiosidade<\/h3><p class=\"elementor-image-box-description\">manter o olhar desperto.\n<\/p><\/div><\/div>\t\t\t\t<\/div>\n\t\t\t\t<div class=\"elementor-element elementor-element-56a1d017 elementor-widget__width-initial elementor-widget-mobile__width-inherit elementor-position-top elementor-widget elementor-widget-image-box\" data-id=\"56a1d017\" data-element_type=\"widget\" data-widget_type=\"image-box.default\">\n\t\t\t\t\t<div class=\"elementor-image-box-wrapper\"><figure class=\"elementor-image-box-img\"><img loading=\"lazy\" decoding=\"async\" width=\"128\" height=\"128\" src=\"https:\/\/sandrapedro.pt\/wp-content\/uploads\/2026\/01\/DWELLING-1.png\" class=\"attachment-full size-full wp-image-50\" alt=\"\" \/><\/figure><div class=\"elementor-image-box-content\"><h3 class=\"elementor-image-box-title\">Coer\u00eancia <\/h3><p class=\"elementor-image-box-description\">alinhar o que se pensa, sente e faz.\n\n<\/p><\/div><\/div>\t\t\t\t<\/div>\n\t\t\t\t<\/div>\n\t\t\t\t\t<\/div>\n\t\t\t\t<\/div>\n\t\t<div class=\"elementor-element elementor-element-62c7eff5 e-flex e-con-boxed e-con e-parent\" data-id=\"62c7eff5\" data-element_type=\"container\" data-settings=\"{&quot;background_background&quot;:&quot;classic&quot;}\">\n\t\t\t\t\t<div class=\"e-con-inner\">\n\t\t\t\t<div class=\"elementor-element elementor-element-7eb31376 elementor-widget__width-initial elementor-widget-mobile__width-inherit elementor-widget elementor-widget-heading\" data-id=\"7eb31376\" data-element_type=\"widget\" data-widget_type=\"heading.default\">\n\t\t\t\t\t<h2 class=\"elementor-heading-title elementor-size-default\">A minha voz vive hoje em tr\u00eas dimens\u00f5es:\n<\/h2>\t\t\t\t<\/div>\n\t\t<div class=\"elementor-element elementor-element-9b91746 e-con-full e-flex e-con e-child\" data-id=\"9b91746\" data-element_type=\"container\">\n\t\t\t\t<div class=\"elementor-element elementor-element-7a6ce327 elementor-widget__width-initial elementor-widget-mobile__width-inherit elementor-position-top elementor-widget elementor-widget-image-box\" data-id=\"7a6ce327\" data-element_type=\"widget\" data-widget_type=\"image-box.default\">\n\t\t\t\t\t<div class=\"elementor-image-box-wrapper\"><figure class=\"elementor-image-box-img\"><img loading=\"lazy\" decoding=\"async\" width=\"128\" height=\"128\" src=\"https:\/\/sandrapedro.pt\/wp-content\/uploads\/2026\/01\/NOTARY-1-1.png\" class=\"attachment-full size-full wp-image-54\" alt=\"\" \/><\/figure><div class=\"elementor-image-box-content\"><h3 class=\"elementor-image-box-title\">Mentoria e Programas de Comunica\u00e7\u00e3o Consciente<\/h3><p class=\"elementor-image-box-description\">experi\u00eancias para quem deseja comunicar com autenticidade e clareza.\n<\/p><\/div><\/div>\t\t\t\t<\/div>\n\t\t\t\t<div class=\"elementor-element elementor-element-5882a72c elementor-widget__width-initial elementor-widget-mobile__width-inherit elementor-position-top elementor-widget elementor-widget-image-box\" data-id=\"5882a72c\" data-element_type=\"widget\" data-widget_type=\"image-box.default\">\n\t\t\t\t\t<div class=\"elementor-image-box-wrapper\"><figure class=\"elementor-image-box-img\"><img loading=\"lazy\" decoding=\"async\" width=\"128\" height=\"128\" src=\"https:\/\/sandrapedro.pt\/wp-content\/uploads\/2026\/01\/OATH-1-1.png\" class=\"attachment-full size-full wp-image-55\" alt=\"\" \/><\/figure><div class=\"elementor-image-box-content\"><h3 class=\"elementor-image-box-title\">Vozes de Conex\u00e3o \u2014 Escola de Comunica\u00e7\u00e3o Feminina <\/h3><p class=\"elementor-image-box-description\">um espa\u00e7o de reencontro e escuta, onde a palavra e presen\u00e7a transformam-se em presen\u00e7a.\n<\/p><\/div><\/div>\t\t\t\t<\/div>\n\t\t\t\t<div class=\"elementor-element elementor-element-5d89d875 elementor-widget__width-initial elementor-widget-mobile__width-inherit elementor-position-top elementor-widget elementor-widget-image-box\" data-id=\"5d89d875\" data-element_type=\"widget\" data-widget_type=\"image-box.default\">\n\t\t\t\t\t<div class=\"elementor-image-box-wrapper\"><figure class=\"elementor-image-box-img\"><img loading=\"lazy\" decoding=\"async\" width=\"128\" height=\"128\" src=\"https:\/\/sandrapedro.pt\/wp-content\/uploads\/2026\/01\/DWELLING-2-1.png\" class=\"attachment-full size-full wp-image-56\" alt=\"\" \/><\/figure><div class=\"elementor-image-box-content\"><h3 class=\"elementor-image-box-title\">AMMA Lab \u2014 Intelig\u00eancia \u00c9tica para o Futuro das Organiza\u00e7\u00f5es <\/h3><p class=\"elementor-image-box-description\">um laborat\u00f3rio onde a tecnologia aprende a servir a humanidade.\n<\/p><\/div><\/div>\t\t\t\t<\/div>\n\t\t\t\t<\/div>\n\t\t\t\t\t<\/div>\n\t\t\t\t<\/div>\n\t\t<div class=\"elementor-element elementor-element-58f679d8 e-flex e-con-boxed e-con e-parent\" data-id=\"58f679d8\" data-element_type=\"container\" data-settings=\"{&quot;background_background&quot;:&quot;classic&quot;}\">\n\t\t\t\t\t<div class=\"e-con-inner\">\n\t\t\t\t<div class=\"elementor-element elementor-element-28130307 elementor-widget__width-initial elementor-widget-mobile__width-inherit elementor-widget elementor-widget-heading\" data-id=\"28130307\" data-element_type=\"widget\" data-widget_type=\"heading.default\">\n\t\t\t\t\t<h2 class=\"elementor-heading-title elementor-size-default\">Comunicar \u00e9 servir a vida.\n<\/h2>\t\t\t\t<\/div>\n\t\t\t\t<div class=\"elementor-element elementor-element-b79eaf6 elementor-widget elementor-widget-heading\" data-id=\"b79eaf6\" data-element_type=\"widget\" data-widget_type=\"heading.default\">\n\t\t\t\t\t<h2 class=\"elementor-heading-title elementor-size-default\">Quando o fazemos com consci\u00eancia,<br>\ncada palavra torna-se semente <br>\nde presen\u00e7a,<br>\nde rela\u00e7\u00e3o,<br>\nde mudan\u00e7a.<\/h2>\t\t\t\t<\/div>\n\t\t\t\t\t<\/div>\n\t\t\t\t<\/div>\n\t\t\t\t<\/div>\n\t\t","protected":false},"excerpt":{"rendered":"<p>Comunicar \u00e9 criar presen\u00e7a Cada conversa \u00e9 um ponto de encontro entre consci\u00eancia e palavra. A minha miss\u00e3o \u00e9 cultivar uma comunica\u00e7\u00e3o humana, \u00e9tica e verdadeira, onde cada voz encontra espa\u00e7o para existir. A JORNADA \u2014 O Caminho at\u00e9 aqui O meu percurso nasceu da curiosidade: Compreender o poder da comunica\u00e7\u00e3o. Da academia \u00e0 pr\u00e1tica, [&hellip;]<\/p>\n","protected":false},"author":1,"featured_media":0,"parent":0,"menu_order":0,"comment_status":"closed","ping_status":"closed","template":"","meta":{"footnotes":""},"class_list":["post-39","page","type-page","status-publish","hentry"],"_links":{"self":[{"href":"https:\/\/sandrapedro.pt\/index.php?rest_route=\/wp\/v2\/pages\/39","targetHints":{"allow":["GET"]}}],"collection":[{"href":"https:\/\/sandrapedro.pt\/index.php?rest_route=\/wp\/v2\/pages"}],"about":[{"href":"https:\/\/sandrapedro.pt\/index.php?rest_route=\/wp\/v2\/types\/page"}],"author":[{"embeddable":true,"href":"https:\/\/sandrapedro.pt\/index.php?rest_route=\/wp\/v2\/users\/1"}],"replies":[{"embeddable":true,"href":"https:\/\/sandrapedro.pt\/index.php?rest_route=%2Fwp%2Fv2%2Fcomments&post=39"}],"version-history":[{"count":37,"href":"https:\/\/sandrapedro.pt\/index.php?rest_route=\/wp\/v2\/pages\/39\/revisions"}],"predecessor-version":[{"id":102,"href":"https:\/\/sandrapedro.pt\/index.php?rest_route=\/wp\/v2\/pages\/39\/revisions\/102"}],"wp:attachment":[{"href":"https:\/\/sandrapedro.pt\/index.php?rest_route=%2Fwp%2Fv2%2Fmedia&parent=39"}],"curies":[{"name":"wp","href":"https:\/\/api.w.org\/{rel}","templated":true}]}}